{"id":1121,"date":"2022-09-06T17:37:15","date_gmt":"2022-09-06T17:37:15","guid":{"rendered":"https:\/\/v2.atpva.mx\/?page_id=1121"},"modified":"2022-09-15T18:23:36","modified_gmt":"2022-09-15T18:23:36","slug":"preguntas-frecuentes","status":"publish","type":"page","link":"https:\/\/atpva.mx\/en_us\/preguntas-frecuentes\/","title":{"rendered":"FAQ"},"content":{"rendered":"<div data-elementor-type=\"wp-page\" data-elementor-id=\"1121\" class=\"elementor elementor-1121\" data-elementor-post-type=\"page\">\n\t\t\t\t\t\t<section class=\"elementor-section elementor-top-section elementor-element elementor-element-8f45d41 elementor-section-boxed elementor-section-height-default elementor-section-height-default\" data-id=\"8f45d41\" data-element_type=\"section\" data-e-type=\"section\">\n\t\t\t\t\t\t<div class=\"elementor-container elementor-column-gap-custom\">\n\t\t\t\t\t<div class=\"elementor-column elementor-col-100 elementor-top-column elementor-element elementor-element-6467b13\" data-id=\"6467b13\" data-element_type=\"column\" data-e-type=\"column\">\n\t\t\t<div class=\"elementor-widget-wrap elementor-element-populated\">\n\t\t\t\t\t\t<div class=\"elementor-element elementor-element-ac36dc2 elementor-widget elementor-widget-icon-box\" data-id=\"ac36dc2\" data-element_type=\"widget\" data-e-type=\"widget\" data-widget_type=\"icon-box.default\">\n\t\t\t\t<div class=\"elementor-widget-container\">\n\t\t\t\t\t\t\t<div class=\"elementor-icon-box-wrapper\">\n\n\t\t\t\n\t\t\t\t\t\t<div class=\"elementor-icon-box-content\">\n\n\t\t\t\t\t\t\t\t\t<h1 class=\"elementor-icon-box-title\">\n\t\t\t\t\t\t<span  >\n\t\t\t\t\t\t\t<span style=\"color: #025DAA\">Solve<\/span> your doubts\t\t\t\t\t\t<\/span>\n\t\t\t\t\t<\/h1>\n\t\t\t\t\n\t\t\t\t\t\t\t\t\t<p class=\"elementor-icon-box-description\">\n\t\t\t\t\t\tFind answers to the questions most frequently asked by our users about the transportation service\t\t\t\t\t<\/p>\n\t\t\t\t\n\t\t\t<\/div>\n\t\t\t\n\t\t<\/div>\n\t\t\t\t\t\t<\/div>\n\t\t\t\t<\/div>\n\t\t\t\t<div class=\"elementor-element elementor-element-e7111c3 elementor-widget elementor-widget-accordion\" data-id=\"e7111c3\" data-element_type=\"widget\" data-e-type=\"widget\" data-widget_type=\"accordion.default\">\n\t\t\t\t<div class=\"elementor-widget-container\">\n\t\t\t\t\t\t\t<div class=\"elementor-accordion\">\n\t\t\t\t\t\t\t<div class=\"elementor-accordion-item\">\n\t\t\t\t\t<h3 id=\"elementor-tab-title-2421\" class=\"elementor-tab-title\" data-tab=\"1\" role=\"button\" aria-controls=\"elementor-tab-content-2421\" aria-expanded=\"false\">\n\t\t\t\t\t\t\t\t\t\t\t\t\t<span class=\"elementor-accordion-icon elementor-accordion-icon-right\" aria-hidden=\"true\">\n\t\t\t\t\t\t\t\t\t\t\t\t\t\t\t<span class=\"elementor-accordion-icon-closed\"><i class=\"fas fa-plus\"><\/i><\/span>\n\t\t\t\t\t\t\t\t<span class=\"elementor-accordion-icon-opened\"><i class=\"fas fa-minus\"><\/i><\/span>\n\t\t\t\t\t\t\t\t\t\t\t\t\t\t<\/span>\n\t\t\t\t\t\t\t\t\t\t\t\t<a class=\"elementor-accordion-title\" tabindex=\"0\">What are the benefits of providing personnel transportation in my company?<\/a>\n\t\t\t\t\t<\/h3>\n\t\t\t\t\t<div id=\"elementor-tab-content-2421\" class=\"elementor-tab-content elementor-clearfix\" data-tab=\"1\" role=\"region\" aria-labelledby=\"elementor-tab-title-2421\"><ul><li>You will be able to have greater control and closeness with your work team.<\/li><li>Your employees will strengthen their sense of belonging with this benefit, which will increase their productivity. <\/li><li>Your company's competitiveness and effectiveness will benefit because it will improve your employees' punctuality and attendance.<\/li><\/ul><\/div>\n\t\t\t\t<\/div>\n\t\t\t\t\t\t\t<div class=\"elementor-accordion-item\">\n\t\t\t\t\t<h3 id=\"elementor-tab-title-2422\" class=\"elementor-tab-title\" data-tab=\"2\" role=\"button\" aria-controls=\"elementor-tab-content-2422\" aria-expanded=\"false\">\n\t\t\t\t\t\t\t\t\t\t\t\t\t<span class=\"elementor-accordion-icon elementor-accordion-icon-right\" aria-hidden=\"true\">\n\t\t\t\t\t\t\t\t\t\t\t\t\t\t\t<span class=\"elementor-accordion-icon-closed\"><i class=\"fas fa-plus\"><\/i><\/span>\n\t\t\t\t\t\t\t\t<span class=\"elementor-accordion-icon-opened\"><i class=\"fas fa-minus\"><\/i><\/span>\n\t\t\t\t\t\t\t\t\t\t\t\t\t\t<\/span>\n\t\t\t\t\t\t\t\t\t\t\t\t<a class=\"elementor-accordion-title\" tabindex=\"0\">Is it safe to hire a personnel transportation service?<\/a>\n\t\t\t\t\t<\/h3>\n\t\t\t\t\t<div id=\"elementor-tab-content-2422\" class=\"elementor-tab-content elementor-clearfix\" data-tab=\"2\" role=\"region\" aria-labelledby=\"elementor-tab-title-2422\"><p>Unfortunately, the country is not going through the best situation, so if your company starts activities very early or they end late, hiring personnel transportation is an excellent option to avoid risks during the trip and guarantee your safety.<\/p><\/div>\n\t\t\t\t<\/div>\n\t\t\t\t\t\t\t<div class=\"elementor-accordion-item\">\n\t\t\t\t\t<h3 id=\"elementor-tab-title-2423\" class=\"elementor-tab-title\" data-tab=\"3\" role=\"button\" aria-controls=\"elementor-tab-content-2423\" aria-expanded=\"false\">\n\t\t\t\t\t\t\t\t\t\t\t\t\t<span class=\"elementor-accordion-icon elementor-accordion-icon-right\" aria-hidden=\"true\">\n\t\t\t\t\t\t\t\t\t\t\t\t\t\t\t<span class=\"elementor-accordion-icon-closed\"><i class=\"fas fa-plus\"><\/i><\/span>\n\t\t\t\t\t\t\t\t<span class=\"elementor-accordion-icon-opened\"><i class=\"fas fa-minus\"><\/i><\/span>\n\t\t\t\t\t\t\t\t\t\t\t\t\t\t<\/span>\n\t\t\t\t\t\t\t\t\t\t\t\t<a class=\"elementor-accordion-title\" tabindex=\"0\">Can I avoid delays for my employees by providing them with personnel transportation?<\/a>\n\t\t\t\t\t<\/h3>\n\t\t\t\t\t<div id=\"elementor-tab-content-2423\" class=\"elementor-tab-content elementor-clearfix\" data-tab=\"3\" role=\"region\" aria-labelledby=\"elementor-tab-title-2423\"><p>Metropolitan and industrial areas usually have a greater flow of population that translates into excessive traffic and delays in the staff of your organization, that is why having a transportation service for your employees\u2019 hand in hand with a strategy in time reduction will improve their punctuality.<\/p><\/div>\n\t\t\t\t<\/div>\n\t\t\t\t\t\t\t<div class=\"elementor-accordion-item\">\n\t\t\t\t\t<h3 id=\"elementor-tab-title-2424\" class=\"elementor-tab-title\" data-tab=\"4\" role=\"button\" aria-controls=\"elementor-tab-content-2424\" aria-expanded=\"false\">\n\t\t\t\t\t\t\t\t\t\t\t\t\t<span class=\"elementor-accordion-icon elementor-accordion-icon-right\" aria-hidden=\"true\">\n\t\t\t\t\t\t\t\t\t\t\t\t\t\t\t<span class=\"elementor-accordion-icon-closed\"><i class=\"fas fa-plus\"><\/i><\/span>\n\t\t\t\t\t\t\t\t<span class=\"elementor-accordion-icon-opened\"><i class=\"fas fa-minus\"><\/i><\/span>\n\t\t\t\t\t\t\t\t\t\t\t\t\t\t<\/span>\n\t\t\t\t\t\t\t\t\t\t\t\t<a class=\"elementor-accordion-title\" tabindex=\"0\">Can transportation of personnel be considered an employee benefit?<\/a>\n\t\t\t\t\t<\/h3>\n\t\t\t\t\t<div id=\"elementor-tab-content-2424\" class=\"elementor-tab-content elementor-clearfix\" data-tab=\"4\" role=\"region\" aria-labelledby=\"elementor-tab-title-2424\"><p>Of course, especially due to the health situation that the world is going through nowadays, since it avoids the risk of contagion in public transportation, besides avoiding that your collaborators have to travel on their own, saving them gasoline expenses and guaranteeing their safety.<\/p><\/div>\n\t\t\t\t<\/div>\n\t\t\t\t\t\t\t<div class=\"elementor-accordion-item\">\n\t\t\t\t\t<h3 id=\"elementor-tab-title-2425\" class=\"elementor-tab-title\" data-tab=\"5\" role=\"button\" aria-controls=\"elementor-tab-content-2425\" aria-expanded=\"false\">\n\t\t\t\t\t\t\t\t\t\t\t\t\t<span class=\"elementor-accordion-icon elementor-accordion-icon-right\" aria-hidden=\"true\">\n\t\t\t\t\t\t\t\t\t\t\t\t\t\t\t<span class=\"elementor-accordion-icon-closed\"><i class=\"fas fa-plus\"><\/i><\/span>\n\t\t\t\t\t\t\t\t<span class=\"elementor-accordion-icon-opened\"><i class=\"fas fa-minus\"><\/i><\/span>\n\t\t\t\t\t\t\t\t\t\t\t\t\t\t<\/span>\n\t\t\t\t\t\t\t\t\t\t\t\t<a class=\"elementor-accordion-title\" tabindex=\"0\">What hygienic measures are taken by personnel transportation companies?<\/a>\n\t\t\t\t\t<\/h3>\n\t\t\t\t\t<div id=\"elementor-tab-content-2425\" class=\"elementor-tab-content elementor-clearfix\" data-tab=\"5\" role=\"region\" aria-labelledby=\"elementor-tab-title-2425\"><p>The safety of all passengers is of great importance, therefore all hygiene and safety measures must be taken, such as the mandatory use of mouth masks inside the units, the sanitization of the units to prevent COVID-19 infection, taking the temperature of your employees prior to entry and the application of antibacterial gel when boarding and disembarking.<\/p><\/div>\n\t\t\t\t<\/div>\n\t\t\t\t\t\t\t\t<\/div>\n\t\t\t\t\t\t<\/div>\n\t\t\t\t<\/div>\n\t\t\t\t\t<\/div>\n\t\t<\/div>\n\t\t\t\t\t<\/div>\n\t\t<\/section>\n\t\t\t\t<\/div>","protected":false},"excerpt":{"rendered":"<p>Resuelve tus dudas Encuentra respuesta a las preguntas m\u00e1s frecuentes planteadas por nuestros usuarios sobre el servicio de transporte \u00bfQu\u00e9 beneficios tengo al brindar transporte de personal en mi empresa? Podr\u00e1s contar con un mayor control y cercan\u00eda con tu equipo de trabajo. Tus colaboradores reforzar\u00e1n su sentido de pertenencia con esta prestaci\u00f3n, lo cual [&hellip;]<\/p>\n","protected":false},"author":6,"featured_media":0,"parent":0,"menu_order":0,"comment_status":"closed","ping_status":"closed","template":"","meta":{"footnotes":""},"class_list":["post-1121","page","type-page","status-publish","hentry"],"yoast_head":"<!-- This site is optimized with the Yoast SEO plugin v27.4 - https:\/\/yoast.com\/product\/yoast-seo-wordpress\/ -->\n<title>Preguntas frecuentes - ATPVA<\/title>\n<meta name=\"robots\" content=\"index, follow, max-snippet:-1, max-image-preview:large, max-video-preview:-1\" \/>\n<link rel=\"canonical\" href=\"https:\/\/atpva.mx\/en_us\/preguntas-frecuentes\/\" \/>\n<meta property=\"og:locale\" content=\"en_US\" \/>\n<meta property=\"og:type\" content=\"article\" \/>\n<meta property=\"og:title\" content=\"Preguntas frecuentes - ATPVA\" \/>\n<meta property=\"og:description\" content=\"Resuelve tus dudas Encuentra respuesta a las preguntas m\u00e1s frecuentes planteadas por nuestros usuarios sobre el servicio de transporte \u00bfQu\u00e9 beneficios tengo al brindar transporte de personal en mi empresa? Podr\u00e1s contar con un mayor control y cercan\u00eda con tu equipo de trabajo. Tus colaboradores reforzar\u00e1n su sentido de pertenencia con esta prestaci\u00f3n, lo cual [&hellip;]\" \/>\n<meta property=\"og:url\" content=\"https:\/\/atpva.mx\/en_us\/preguntas-frecuentes\/\" \/>\n<meta property=\"og:site_name\" content=\"ATPVA\" \/>\n<meta property=\"article:modified_time\" content=\"2022-09-15T18:23:36+00:00\" \/>\n<meta name=\"twitter:card\" content=\"summary_large_image\" \/>\n<meta name=\"twitter:label1\" content=\"Est. reading time\" \/>\n\t<meta name=\"twitter:data1\" content=\"2 minutes\" \/>\n<script type=\"application\/ld+json\" class=\"yoast-schema-graph\">{\"@context\":\"https:\\\/\\\/schema.org\",\"@graph\":[{\"@type\":\"WebPage\",\"@id\":\"https:\\\/\\\/atpva.mx\\\/preguntas-frecuentes\\\/\",\"url\":\"https:\\\/\\\/atpva.mx\\\/preguntas-frecuentes\\\/\",\"name\":\"Preguntas frecuentes - ATPVA\",\"isPartOf\":{\"@id\":\"https:\\\/\\\/atpva.mx\\\/#website\"},\"datePublished\":\"2022-09-06T17:37:15+00:00\",\"dateModified\":\"2022-09-15T18:23:36+00:00\",\"breadcrumb\":{\"@id\":\"https:\\\/\\\/atpva.mx\\\/preguntas-frecuentes\\\/#breadcrumb\"},\"inLanguage\":\"en-US\",\"potentialAction\":[{\"@type\":\"ReadAction\",\"target\":[\"https:\\\/\\\/atpva.mx\\\/preguntas-frecuentes\\\/\"]}]},{\"@type\":\"BreadcrumbList\",\"@id\":\"https:\\\/\\\/atpva.mx\\\/preguntas-frecuentes\\\/#breadcrumb\",\"itemListElement\":[{\"@type\":\"ListItem\",\"position\":1,\"name\":\"Inicio\",\"item\":\"https:\\\/\\\/atpva.mx\\\/\"},{\"@type\":\"ListItem\",\"position\":2,\"name\":\"Preguntas frecuentes\"}]},{\"@type\":\"WebSite\",\"@id\":\"https:\\\/\\\/atpva.mx\\\/#website\",\"url\":\"https:\\\/\\\/atpva.mx\\\/\",\"name\":\"ATPVA\",\"description\":\"Transporte de personal en Quer\u00e9taro\",\"publisher\":{\"@id\":\"https:\\\/\\\/atpva.mx\\\/#organization\"},\"potentialAction\":[{\"@type\":\"SearchAction\",\"target\":{\"@type\":\"EntryPoint\",\"urlTemplate\":\"https:\\\/\\\/atpva.mx\\\/?s={search_term_string}\"},\"query-input\":{\"@type\":\"PropertyValueSpecification\",\"valueRequired\":true,\"valueName\":\"search_term_string\"}}],\"inLanguage\":\"en-US\"},{\"@type\":\"Organization\",\"@id\":\"https:\\\/\\\/atpva.mx\\\/#organization\",\"name\":\"ATPVA\",\"url\":\"https:\\\/\\\/atpva.mx\\\/\",\"logo\":{\"@type\":\"ImageObject\",\"inLanguage\":\"en-US\",\"@id\":\"https:\\\/\\\/atpva.mx\\\/#\\\/schema\\\/logo\\\/image\\\/\",\"url\":\"https:\\\/\\\/atpva.mx\\\/wp-content\\\/uploads\\\/2022\\\/08\\\/atpvaLogo-1.svg\",\"contentUrl\":\"https:\\\/\\\/atpva.mx\\\/wp-content\\\/uploads\\\/2022\\\/08\\\/atpvaLogo-1.svg\",\"width\":187,\"height\":61,\"caption\":\"ATPVA\"},\"image\":{\"@id\":\"https:\\\/\\\/atpva.mx\\\/#\\\/schema\\\/logo\\\/image\\\/\"}}]}<\/script>\n<!-- \/ Yoast SEO plugin. -->","yoast_head_json":{"title":"Preguntas frecuentes - ATPVA","robots":{"index":"index","follow":"follow","max-snippet":"max-snippet:-1","max-image-preview":"max-image-preview:large","max-video-preview":"max-video-preview:-1"},"canonical":"https:\/\/atpva.mx\/en_us\/preguntas-frecuentes\/","og_locale":"en_US","og_type":"article","og_title":"Preguntas frecuentes - ATPVA","og_description":"Resuelve tus dudas Encuentra respuesta a las preguntas m\u00e1s frecuentes planteadas por nuestros usuarios sobre el servicio de transporte \u00bfQu\u00e9 beneficios tengo al brindar transporte de personal en mi empresa? Podr\u00e1s contar con un mayor control y cercan\u00eda con tu equipo de trabajo. Tus colaboradores reforzar\u00e1n su sentido de pertenencia con esta prestaci\u00f3n, lo cual [&hellip;]","og_url":"https:\/\/atpva.mx\/en_us\/preguntas-frecuentes\/","og_site_name":"ATPVA","article_modified_time":"2022-09-15T18:23:36+00:00","twitter_card":"summary_large_image","twitter_misc":{"Est. reading time":"2 minutes"},"schema":{"@context":"https:\/\/schema.org","@graph":[{"@type":"WebPage","@id":"https:\/\/atpva.mx\/preguntas-frecuentes\/","url":"https:\/\/atpva.mx\/preguntas-frecuentes\/","name":"Preguntas frecuentes - ATPVA","isPartOf":{"@id":"https:\/\/atpva.mx\/#website"},"datePublished":"2022-09-06T17:37:15+00:00","dateModified":"2022-09-15T18:23:36+00:00","breadcrumb":{"@id":"https:\/\/atpva.mx\/preguntas-frecuentes\/#breadcrumb"},"inLanguage":"en-US","potentialAction":[{"@type":"ReadAction","target":["https:\/\/atpva.mx\/preguntas-frecuentes\/"]}]},{"@type":"BreadcrumbList","@id":"https:\/\/atpva.mx\/preguntas-frecuentes\/#breadcrumb","itemListElement":[{"@type":"ListItem","position":1,"name":"Inicio","item":"https:\/\/atpva.mx\/"},{"@type":"ListItem","position":2,"name":"Preguntas frecuentes"}]},{"@type":"WebSite","@id":"https:\/\/atpva.mx\/#website","url":"https:\/\/atpva.mx\/","name":"ATPVA","description":"Transporte de personal en Quer\u00e9taro","publisher":{"@id":"https:\/\/atpva.mx\/#organization"},"potentialAction":[{"@type":"SearchAction","target":{"@type":"EntryPoint","urlTemplate":"https:\/\/atpva.mx\/?s={search_term_string}"},"query-input":{"@type":"PropertyValueSpecification","valueRequired":true,"valueName":"search_term_string"}}],"inLanguage":"en-US"},{"@type":"Organization","@id":"https:\/\/atpva.mx\/#organization","name":"ATPVA","url":"https:\/\/atpva.mx\/","logo":{"@type":"ImageObject","inLanguage":"en-US","@id":"https:\/\/atpva.mx\/#\/schema\/logo\/image\/","url":"https:\/\/atpva.mx\/wp-content\/uploads\/2022\/08\/atpvaLogo-1.svg","contentUrl":"https:\/\/atpva.mx\/wp-content\/uploads\/2022\/08\/atpvaLogo-1.svg","width":187,"height":61,"caption":"ATPVA"},"image":{"@id":"https:\/\/atpva.mx\/#\/schema\/logo\/image\/"}}]}},"_links":{"self":[{"href":"https:\/\/atpva.mx\/en_us\/wp-json\/wp\/v2\/pages\/1121","targetHints":{"allow":["GET"]}}],"collection":[{"href":"https:\/\/atpva.mx\/en_us\/wp-json\/wp\/v2\/pages"}],"about":[{"href":"https:\/\/atpva.mx\/en_us\/wp-json\/wp\/v2\/types\/page"}],"author":[{"embeddable":true,"href":"https:\/\/atpva.mx\/en_us\/wp-json\/wp\/v2\/users\/6"}],"replies":[{"embeddable":true,"href":"https:\/\/atpva.mx\/en_us\/wp-json\/wp\/v2\/comments?post=1121"}],"version-history":[{"count":0,"href":"https:\/\/atpva.mx\/en_us\/wp-json\/wp\/v2\/pages\/1121\/revisions"}],"wp:attachment":[{"href":"https:\/\/atpva.mx\/en_us\/wp-json\/wp\/v2\/media?parent=1121"}],"curies":[{"name":"wp","href":"https:\/\/api.w.org\/{rel}","templated":true}]}}